{"id":2741,"date":"2022-12-04T06:25:28","date_gmt":"2022-12-04T06:25:28","guid":{"rendered":"https:\/\/teenlifting.com.hr\/?page_id=2741"},"modified":"2025-04-01T15:32:41","modified_gmt":"2025-04-01T15:32:41","slug":"teenlifting-en-el-platisma","status":"publish","type":"page","link":"https:\/\/mail.teenlifting.com.hr\/es\/teenlifting-en-el-platisma\/","title":{"rendered":"Teenlifting en el platisma"},"content":{"rendered":"<div class=\"section-full-width section-light-bg\" style=\"background-color:#f7f7f7;\" id=\"teenlifting\u00aeaplicadoenelplatisma\"><div class=\"section-boxed\" style=\"color:#373737;\"><h2 class=\"section-title\" style=\"color:#252525;\">TEENLIFTING\u00ae aplicado en el platisma<\/h2><p>El m\u00e9todo TEENLIFTING\u00ae aplicado en el platisma se diferencia de todos los m\u00e9todos cosm\u00e9ticos porque es el \u00fanico que act\u00faa simult\u00e1neamente sobre m\u00fasculos, piel y huesos, lo que mejora la salud, y es indoloro. En el mercado mundial, este es un m\u00e9todo innovador \u00fanico porque utiliza electrodos especiales para estimular los grandes grupos musculares. Los m\u00e9todos de electroestimulaci\u00f3n del m\u00fasculo platisma existente en el mercado estimula s\u00f3lo parcialmente este m\u00fasculo y s\u00f3lo en puntos individuales. Tal estimulaci\u00f3n es demasiado intensa para estos puntos, pero al mismo tiempo demasiado d\u00e9bil para el m\u00fasculo entero por lo que no se logran m\u00e1ximos resultados. El tratamiento es realizado con un aparato de electroestimulaci\u00f3n de los m\u00fasculos en los puntos de acupuntura, por lo que se consiguen resultados m\u00e1ximos.<\/p>\n<p>TEENLIFTING aplicado en el platisma consiste en la electroestimulaci\u00f3n de todos los m\u00fasculos del cuello, de la papada, la boca y las mejillas con el fin de: tensar el cuello, hacer desaparecer la papada, estirar el ment\u00f3n y la boca, alzar las mejillas, estrechar y revitalizar el rostro y el cuello, levantar el tono muscular y cut\u00e1neo, reducir las bolsas, la hinchaz\u00f3n de los parpados, fortalecer la articulaci\u00f3n temporomandibular y eliminar el ronquido.<\/p>\n<div class=\"services-wrapper services-boxed-photo cols-wrapper cols-3\"><div class=\"services-box col\"><div class=\"img-container\"><img decoding=\"async\" src=\"https:\/\/teenlifting.com.hr\/content\/uploads\/2016\/09\/misici_2.jpg\" alt=\"M\u00fasculos orbiculares de los ojos y de la boca\"\/><\/div><div class=\"services-content\"><div class=\"sc-wraper\"><h3>M\u00fasculos orbiculares de los ojos y de la boca<\/h3><\/div><\/div><\/div><div class=\"services-box col\"><div class=\"img-container\"><img decoding=\"async\" src=\"https:\/\/teenlifting.com.hr\/content\/uploads\/2016\/09\/misici_3.jpg\" alt=\"M\u00fasculo platisma\"\/><\/div><div class=\"services-content\"><div class=\"sc-wraper\"><h3>M\u00fasculo platisma<\/h3><\/div><\/div><\/div><div class=\"services-box col nomargin\"><div class=\"img-container\"><img decoding=\"async\" src=\"https:\/\/teenlifting.com.hr\/content\/uploads\/2016\/09\/misici_1.jpg\" alt=\"M\u00fasculos del rostro y del cuello\"\/><\/div><div class=\"services-content\"><div class=\"sc-wraper\"><h3>M\u00fasculos del rostro y del cuello<\/h3><\/div><\/div><\/div><div class=\"clear\"><\/div><\/div>\n<p>El Platisma es un musculo que cubre una gran area (Musculus Platysma- Siendo el musculo m\u00e1s largo del cuello) y extremadamente delicado. Tiene una longitud que cubre la parta central y ambos lados del cuello. Dicho musculo surge desde los m\u00fasculos del pectoral (pecho) y los deltoides (hombros) y llega hasta la clav\u00edcula, ascendiendo desde all\u00ed y cubriendo ambos lados del cuello. El musculo perfila la parte inferior de los labios y las comisuras de la boca, estando involucrado en la apertura parcial de la boca, en las expresiones de sorpresa o miedo. Termina en la barbilla, uni\u00e9ndose con los m\u00fasculos faciales y los huesos de la parte baja de la mand\u00edbula. Reforzandolo tambi\u00e9n se vigoriza la piel.<\/p>\n<p>El Platisma se utiliza para expresar tensi\u00f3n o estr\u00e9s. Contrayendolo es cuando se crean arrugas verticales en el cuello.<\/p>\n<p>El platisma debido a su esponjosidad, comienza a perder tono desde los 20 a\u00f1os y comparado con otros m\u00fasculos, normalmente necesita m\u00e1s tratamientos.<\/p>\n<p><strong>La forma de estimular dicho m\u00fasculo es crucial para alcanzar los mejores resultados en reducir la papada y conseguir una cara m\u00e1s perfilada. <\/strong><\/p>\n<p>\n<\/div><\/div>\n<div class=\"section-full-width section-light-bg\" style=\"background-color:#ffffff;\" id=\"\u00bfesconscientedequeelproblemaest\u00c9ticom\u00c1scom\u00danquesepresentadespu\u00c9sdelos25a\u00d1osdeedadeslapapadayflacidezca\u00cddadelapartainferiordelrostro\"><div class=\"section-boxed\" style=\"color:#373737;\"><h2 class=\"section-title\" style=\"color:#252525;\">\u00bfES CONSCIENTE DE QUE EL PROBLEMA EST\u00c9TICO M\u00c1S COM\u00daN QUE SE PRESENTA DESPU\u00c9S DE LOS 25 A\u00d1OS DE EDAD ES LA PAPADA Y FLACIDEZ (CA\u00cdDA) DE LA PARTA INFERIOR DEL ROSTRO?<\/h2><p>Las arrugas comienzan a preocuparnos m\u00e1s tarde, porque aparecen a partir de los 30. Mucha gente piensa que la papada es causada principalmente por el exceso de peso corporal y la vejez, pero es debido a la perdida de de la hormona del crecimientoy por esto la papada comienza a descolgarse ya desde los 20. El m\u00e9todo mundial de la Dra. Sanja Malbasa Gosovic \u2013 la electroestimulaci\u00f3n TEENLIFTING en el platisma &#8211; funciona como el fitness del rostro. El TEENLIFTING en el platisma consigue un aumento visible del tono muscular y cut\u00e1neo, con la reducci\u00f3n simultanea de la papada, el alzado de la boca y las mejillas y el estrechamiento del rostro y el cuello ya que el platisma es un m\u00fasculo que cubre todo el cuello papada y parte inferior del rostro.<\/p>\n<p>La electroestimulaci\u00f3n del m\u00fasculo platisma existente en el mercado estimula s\u00f3lo parcialmente este m\u00fasculo y s\u00f3lo en puntos individuales. Tal estimulaci\u00f3n es demasiado intensa para estos puntos, pero al mismo tiempo demasiado d\u00e9bil para el m\u00fasculo entero y lograr buenos resultados.<\/p>\n<p><strong>El TEENLIFTING en el platisma- de la papada, cuello y de parte inferior del rostro, act\u00faa por medio de unos electrodos \u00fanicos, de manera selectiva, com\u00fan y sincronizada sobre el m\u00fasculo completo de, el platisma, el m\u00fasculo orbicular de los labios y los m\u00fasculos del ment\u00f3n mejillas. De una manera natural y sana se va reduciendo la papada sin recurrir a la cirug\u00eda, \u00fanicamente por medio de una estimulaci\u00f3n agradable e indolora.<\/strong><\/p>\n<p>Al relajarse la parte inferior del rostro, la piel se estira, cuelga, ya no se perfila el medio perfil de la mand\u00edbula inferior, aparecen \u201cbolsas\u201d en la parte inferior del rostro debajo de las comisuras de los labios, la arruga entre los labios y las mejillas se profundiza (surco nasogeniano) y se produce un cambio que afecta la apariencia y la expresi\u00f3n de todo el rostro. La papada es m\u00e1s com\u00fan en personas con tendencia a engordar y en personas mayores, pero esto no es una regla y se est\u00e1 volviendo m\u00e1s com\u00fan en personas j\u00f3venes y de mediana edad, por lo que representa un problema est\u00e9tico importante.<\/p>\n<p><strong>Los problemas est\u00e9ticos de la papada son causados por:<\/strong><\/p>\n<ol style=\"padding-left: 60px;\">\n<li>la reducci\u00f3n fisiol\u00f3gica y natural de la secreci\u00f3n de las hormonas que estimulan el tono muscular y cut\u00e1neo (p. ej., la hormona del crecimiento disminuye bruscamente ya a los 20 a\u00f1os de edad\u2026)<\/li>\n<li>la acumulaci\u00f3n de tejido graso en el cuello, debajo de la papada.<\/li>\n<li>la relajaci\u00f3n del m\u00fasculo platisma (una capa muscular delgada ubicada debajo de la piel del ment\u00f3n, de la parte inferior de la mejilla, de la papada y del cuello) y del m\u00fasculo omohioideo<\/li>\n<li>la p\u00e9rdida de elasticidad cut\u00e1nea en esa parte del cuello. La piel del cuello tiene menos riego sangu\u00edneo, con pocas gl\u00e1ndulas seb\u00e1ceas y sudor\u00edparas, es fina y delicada y tiende a enrojecerse. Si el estrato c\u00f3rneo est\u00e1 demasiado seco, la piel se vuelve \u00e1spera e inel\u00e1stica.<\/li>\n<\/ol>\n<p>\n<\/div><\/div>\n<div class=\"section-full-width section-light-bg\" style=\"background-color:#f7f7f7;\" id=\"saberm\u00c1ssobreteenliftingaplicadoenelplatisma\"><div class=\"section-boxed\" style=\"color:#373737;\"><h2 class=\"section-title\" style=\"color:#252525;\">SABER M\u00c1S SOBRE TEENLIFTING APLICADO EN EL PLATISMA<\/h2><\/p>\n<div class=\"cols-wrapper cols-2\">\n<div class=\"col\">\n<p>&nbsp;<\/p>\n<h2>\u00bfCu\u00e1ndo esperar obtener unos resultados visibles?<\/h2>\n<p><strong>(las mejillas y los p\u00f3mulos se alzan y forman, los labios se vuelven m\u00e1s carnosos y abultados, desaparecen las arrugas alrededor de los labios, las bolsas disminuyen as\u00ed c\u00f2mo la hinchaz\u00f3n de los parpados, la papada y el cuello se tensan, el rostro se tensa y se perfila)<\/strong><\/p>\n<p>Despu\u00e9s de algunas estimulaciones TEENLIFTING en el platisma puede sentir la \u201cfiebre muscular\u201d (inflamaci\u00f3n muscular) en la parte bajo la mand\u00edbula inferior o en la parte inferior de la mejilla. La apariencia de la inflamaci\u00f3n muscular es individual y depende del tono muscular inicial, de la intensidad de la estimulaci\u00f3n, de la duraci\u00f3n y frecuencia del entrenamiento. Si aparece,se puede continuar con el entrenamiento, pero reduciendo ligeramente la intensidad de la estimulaci\u00f3n, o se puede interrumpir el entrenamiento durante unos d\u00edas.<\/p>\n<p>Aunque el platisma y los dem\u00e1s m\u00fasculos se entrenen intensamente, la visibilidad de los resultados iniciales depende de la piel, (situado en la parte inferior del rostro y papada donde la piel tiene forma de bolsa). La circulaci\u00f3n y el drenaje intensivos (esto se consigue mediante el entrenamiento TEENLIFTING) mejoran la calidad de la piel. La piel de la papada y del cuello es fina y sensible debido a los da\u00f1os causados por la exposici\u00f3n al sol). Con TEENLIFTING aplicado en el platisma, las arrugas horizontales, paralelas entre s\u00ed, que pasan por el centro del cuello, disminuyen, y su velocidad de desaparici\u00f3n depende del n\u00famero de entrenamientos, de la edad, de la calidad de la piel, etc.<\/p>\n<p>Una piel m\u00e1s el\u00e1stica se adapta m\u00e1s f\u00e1cilmente a la forma del rostro, papada y cuello.<\/p>\n<p>Es por eso precisamente que se recomienda iniciar la estimulaci\u00f3n TEENLIFTING antes de los 30 a\u00f1os, porque el platisma est\u00e1 empezando a relajarse, pero al mismo tiempo la piel sigue siendo el\u00e1stica por lo que los resultados se ven m\u00e1s r\u00e1pidamente. Manteniendo el tono muscular con un ritmo de entrenamiento de 20 a 40 veces al a\u00f1o, una persona tendr\u00e1 el cuello, la papada, la boca y las mejillas perfectos el resto de su vida.<\/p>\n<p>A esa edad, as\u00ed como a una edad m\u00e1s avanzada, la obesidad puede ralentizar los resultados ya que el tejido adiposo no puede eliminarse con el tratamiento TEENLIFTING en el platisma.<\/p>\n<p>En los clientes de 50 a\u00f1os o m\u00e1s la aparici\u00f3n de los resultados iniciales puede tomar m\u00e1s tiempo; esto depende de la elasticidad de su piel, aunque esto no es una regla.<\/p>\n<p>Durante el tratamiento TEENLIFTING en el platisma, la piel puede tratarse y cuidarse con todos los tratamientos cosm\u00e9ticos para la piel existentes en el mercado sin contraindicaciones (RF, LPG, l\u00e1ser, IPL, AHA\u2026).<\/p>\n<p>&nbsp;<\/p>\n<blockquote>\n<p>Los tratamientos existentes en el mercado para la piel pueden ayudar a mejorar los resultados visibles, pero ning\u00fan tratamiento para la piel puede moldear y dar forma a los m\u00fasculos.<\/p>\n<\/blockquote>\n<p>&nbsp;<\/p>\n<p>Si la piel no es tratada m\u00ednimamente, se \u201ccomprimir\u00e1\u201d y perder\u00e1 su elasticidad de forma natural en unos pocos d\u00edas o meses. La piel se renueva a diario, y la renovaci\u00f3n \u201ccompleta\u201d de la piel dura 30 d\u00edas a los 30 a\u00f1os y se alarga con el envejecimiento hasta los 60 d\u00edas a los 70 a\u00f1os de edad. Por eso, el resultado es mucho m\u00e1s visible despu\u00e9s de 5 &#8211; 6 d\u00edas desde el \u00faltimo entrenamiento. Es posible que inmediatamente despu\u00e9s del entrenamiento en la piel se produzca un peque\u00f1o \u201ccuelgue\u201d en algunos lugares, lo que es l\u00f3gico, porque los m\u00fasculos se comprimen y moldean r\u00e1pidamente, y la piel se quedar\u00eda \u201cvac\u00eda\u201d, es decir, sin el apoyo de los m\u00fasculos relajados y parece como si hubiera \u201caumentado de volumen\u201d.<\/p>\n<p>Aunque se deje de entrenarlos despu\u00e9s de un tiempo, los m\u00fasculos conservan su firmeza y forma durante mucho tiempo. Ya que la electroestimulaci\u00f3n no \u201caumenta\u201d los m\u00fasculos ni su volumen, es decir no empeora desde su estado original, aunque se deje de entrenar.<\/p>\n<\/div>\n<div class=\"col nomargin\">\n<p>&nbsp;<\/p>\n<p>ADVERTENCIA A TODAS LAS PERSONAS:<\/p>\n<ul style=\"padding-left: 60px;\">\n<li>que est\u00e9n a dieta y tratando de reducir peso corporal<\/li>\n<li>que pierdan peso de manera espont\u00e1nea<\/li>\n<li>que empiecen con los entrenamientos despu\u00e9s de perder 5 kg o m\u00e1s: \u00a1Todos ellos es preferible que ralenticen el ritmo del entrenamiento!<\/li>\n<\/ul>\n<p>RITMO IDEAL DE REALIZACI\u00d3N DEL TRATAMIENTO:<\/p>\n<ul style=\"padding-left: 60px;\">\n<li>4 veces al a\u00f1o 10 sesiones consecutivas de entrenamiento (cada d\u00eda o cada dos d\u00edas), con entrenamiento 1 vez por semana en los dem\u00e1s meses<\/li>\n<\/ul>\n<p>RITMO PROMEDIO DE REALIZACI\u00d3N DEL TRATAMIENTO:<\/p>\n<ul style=\"padding-left: 60px;\">\n<li>2 veces al a\u00f1o, 10 sesiones consecutivas de entrenamiento, con entrenamiento 1 vez por mes<\/li>\n<li>3 veces al a\u00f1o, 5 sesiones consecutivas de entrenamiento, sin entrenamiento mensual<\/li>\n<\/ul>\n<p>RITMO M\u00cdNIMO DE REALIZACI\u00d3N DEL TRATAMIENTO:<\/p>\n<ul style=\"padding-left: 60px;\">\n<li>2 \u2013 3 entrenamientos dobles (fin de semana), 2 veces al a\u00f1o<\/li>\n<\/ul>\n<p>Los primeros resultados pueden notarse despu\u00e9s del 5\u00ba tratamiento, aunque las personas m\u00e1s j\u00f3venes pueden notarlo ya incluso despu\u00e9s del primer tratamiento.<\/p>\n<p>&nbsp;<\/p>\n<blockquote>\n<p>\u00bfC\u00f3mo TEENLIFTING aplicado en el platisma mejora su salud?<br \/>\nLa influencia de la estimulaci\u00f3n TEENLIFTING sobre las articulaciones temporomandibulares y el dolor de cabeza<\/p>\n<\/blockquote>\n<p>&nbsp;<\/p>\n<p>Situado delante de ambas orejas se encuentran dos articulaciones de la mand\u00edbula (articulaciones temporomandibulares-TMJ), que conectan el hueso de la sien con la mand\u00edbula inferior. Est\u00e1s est\u00e1n fijados por tendones, ligamentos y m\u00fasculos responsables de mover la articulaci\u00f3n.<\/p>\n<p>Uno de los trastornos de TMJ es la tensi\u00f3n muscular, espasmo de ciertos m\u00fasculos de la mand\u00edbula, causado por un componente psicol\u00f3gico: el estr\u00e9s. Uno de los s\u00edntomas de estos espasmos es el dolor de cabeza que no responde al tratamiento habitual. El dolor de cabeza ocurre por la ma\u00f1ana (despu\u00e9s de intensos espasmos musculares nocturnos durante el sue\u00f1o) o despu\u00e9s de situaciones estresantes durante el d\u00eda.<\/p>\n<p>TEENLIFTING alivia el dolor de cabeza entrenando a todos los m\u00fasculos, \u201cinterrumpe\u201d los espasmos y el dolor de ciertos m\u00fasculos, y aumenta la circulaci\u00f3n sangu\u00ednea y la circulaci\u00f3n de los m\u00fasculos, de la piel y de los huesos de la mand\u00edbula.<\/p>\n<h2>La influencia de TEENLIFTING en la regeneraci\u00f3n de la masa \u00f3sea de la mand\u00edbula y del rostro.<\/h2>\n<p>La composici\u00f3n y el equilibrio metab\u00f3lico de los huesos dependen de la actividad muscular, del momento de presi\u00f3n y de la tracci\u00f3n de la entesis tend\u00f3n-hueso. La actividad muscular ralentiza el proceso de la osteoporosis al estimular constantemente la formaci\u00f3n \u00f3sea (de la que fisiol\u00f3gicamente depende la regeneraci\u00f3n \u00f3sea).<\/p>\n<p>Es por ello que TEENLIFTING en el platisma se convierte en uno de los tratamientos clave para la prevenci\u00f3n y la rehabilitaci\u00f3n de la osteoporosis de los huesos de la mand\u00edbula y de la cara.<\/p>\n<h2>La influencia de la estimulaci\u00f3n TEENLIFTING en el platisma en la rehabilitaci\u00f3n del ronquido.<\/h2>\n<p>La causa del ronquido es el estrechamiento del paso del aire por la nariz y\/o la boca.<br \/>\nTEENLIFTING EN EL PLATISMA rehabilita el ronquido con \u00e9xito en los casos siguientes:<\/p>\n<ul style=\"padding-left: 60px;\">\n<li>si la causa del estrechamiento del paso a trav\u00e9s de la nariz es la hinchaz\u00f3n de la membrana mucosa causada por alergia o infecci\u00f3n de las v\u00edas respiratorias altas. TEENLIFTING EN EL PLATISMA drena intensamente los tejidos inflamados.<\/li>\n<li>si la causa del estrechamiento del paso a trav\u00e9s de la boca es la disminuci\u00f3n del tono muscular de la lengua y de la faringe, lo que permite que la lengua descienda hacia las v\u00edas respiratorias. Esto puede ocurrir por causa del envejecimiento, alcoholismo, somn\u00edferos, etc. TEENLIFTING EN EL PLATISMA fortalece el tono muscular de la lengua y de la faringe previniendo as\u00ed que se muevan.<\/li>\n<\/ul>\n<\/div>\n<\/div>\n<div class=\"info-box\" style=\"text-align: center;\"><span class=\"box-icon\">\u00a0<\/span>CONTRAINDICACIONES: embarazo, marcapasos, epilepsia, cirug\u00edas (generalmente en los \u00faltimos 6 meses).<\/div>\n<p>\n<\/div><\/div>\n","protected":false},"excerpt":{"rendered":"","protected":false},"author":3,"featured_media":0,"parent":0,"menu_order":0,"comment_status":"closed","ping_status":"closed","template":"template-full-custom.php","meta":{"om_disable_all_campaigns":false,"_monsterinsights_skip_tracking":false,"_monsterinsights_sitenote_active":false,"_monsterinsights_sitenote_note":"","_monsterinsights_sitenote_category":0,"_uf_show_specific_survey":0,"_uf_disable_surveys":false,"footnotes":""},"class_list":["post-2741","page","type-page","status-publish","hentry"],"aioseo_notices":[],"yoast_head":"<!-- This site is optimized with the Yoast SEO plugin v24.7 - https:\/\/yoast.com\/wordpress\/plugins\/seo\/ -->\n<title>Teenlifting en el platisma - Teenlifting<\/title>\n<meta name=\"robots\" content=\"index, follow, max-snippet:-1, max-image-preview:large, max-video-preview:-1\" \/>\n<link rel=\"canonical\" href=\"https:\/\/mail.teenlifting.com.hr\/es\/teenlifting-en-el-platisma\/\" \/>\n<meta property=\"og:locale\" content=\"es_ES\" \/>\n<meta property=\"og:type\" content=\"article\" \/>\n<meta property=\"og:title\" content=\"Teenlifting en el platisma - Teenlifting\" \/>\n<meta property=\"og:url\" content=\"https:\/\/mail.teenlifting.com.hr\/es\/teenlifting-en-el-platisma\/\" \/>\n<meta property=\"og:site_name\" content=\"Teenlifting\" \/>\n<meta property=\"article:modified_time\" content=\"2025-04-01T15:32:41+00:00\" \/>\n<meta name=\"twitter:card\" content=\"summary_large_image\" \/>\n<meta name=\"twitter:label1\" content=\"Est. reading time\" \/>\n\t<meta name=\"twitter:data1\" content=\"12 minutes\" \/>\n<script type=\"application\/ld+json\" class=\"yoast-schema-graph\">{\"@context\":\"https:\/\/schema.org\",\"@graph\":[{\"@type\":\"WebPage\",\"@id\":\"https:\/\/mail.teenlifting.com.hr\/es\/teenlifting-en-el-platisma\/\",\"url\":\"https:\/\/mail.teenlifting.com.hr\/es\/teenlifting-en-el-platisma\/\",\"name\":\"Teenlifting en el platisma - Teenlifting\",\"isPartOf\":{\"@id\":\"https:\/\/mail.teenlifting.com.hr\/fr\/#website\"},\"datePublished\":\"2022-12-04T06:25:28+00:00\",\"dateModified\":\"2025-04-01T15:32:41+00:00\",\"breadcrumb\":{\"@id\":\"https:\/\/mail.teenlifting.com.hr\/es\/teenlifting-en-el-platisma\/#breadcrumb\"},\"inLanguage\":\"es-ES\",\"potentialAction\":[{\"@type\":\"ReadAction\",\"target\":[\"https:\/\/mail.teenlifting.com.hr\/es\/teenlifting-en-el-platisma\/\"]}]},{\"@type\":\"BreadcrumbList\",\"@id\":\"https:\/\/mail.teenlifting.com.hr\/es\/teenlifting-en-el-platisma\/#breadcrumb\",\"itemListElement\":[{\"@type\":\"ListItem\",\"position\":1,\"name\":\"Po\u010detna stranica\",\"item\":\"https:\/\/mail.teenlifting.com.hr\/es\/\"},{\"@type\":\"ListItem\",\"position\":2,\"name\":\"Teenlifting en el platisma\"}]},{\"@type\":\"WebSite\",\"@id\":\"https:\/\/mail.teenlifting.com.hr\/fr\/#website\",\"url\":\"https:\/\/mail.teenlifting.com.hr\/fr\/\",\"name\":\"Teenlifting\",\"description\":\"Aktiviraj, ne plastificiraj!\",\"potentialAction\":[{\"@type\":\"SearchAction\",\"target\":{\"@type\":\"EntryPoint\",\"urlTemplate\":\"https:\/\/mail.teenlifting.com.hr\/fr\/?s={search_term_string}\"},\"query-input\":{\"@type\":\"PropertyValueSpecification\",\"valueRequired\":true,\"valueName\":\"search_term_string\"}}],\"inLanguage\":\"es-ES\"}]}<\/script>\n<!-- \/ Yoast SEO plugin. -->","yoast_head_json":{"title":"Teenlifting en el platisma - Teenlifting","robots":{"index":"index","follow":"follow","max-snippet":"max-snippet:-1","max-image-preview":"max-image-preview:large","max-video-preview":"max-video-preview:-1"},"canonical":"https:\/\/mail.teenlifting.com.hr\/es\/teenlifting-en-el-platisma\/","og_locale":"es_ES","og_type":"article","og_title":"Teenlifting en el platisma - Teenlifting","og_url":"https:\/\/mail.teenlifting.com.hr\/es\/teenlifting-en-el-platisma\/","og_site_name":"Teenlifting","article_modified_time":"2025-04-01T15:32:41+00:00","twitter_card":"summary_large_image","twitter_misc":{"Est. reading time":"12 minutes"},"schema":{"@context":"https:\/\/schema.org","@graph":[{"@type":"WebPage","@id":"https:\/\/mail.teenlifting.com.hr\/es\/teenlifting-en-el-platisma\/","url":"https:\/\/mail.teenlifting.com.hr\/es\/teenlifting-en-el-platisma\/","name":"Teenlifting en el platisma - Teenlifting","isPartOf":{"@id":"https:\/\/mail.teenlifting.com.hr\/fr\/#website"},"datePublished":"2022-12-04T06:25:28+00:00","dateModified":"2025-04-01T15:32:41+00:00","breadcrumb":{"@id":"https:\/\/mail.teenlifting.com.hr\/es\/teenlifting-en-el-platisma\/#breadcrumb"},"inLanguage":"es-ES","potentialAction":[{"@type":"ReadAction","target":["https:\/\/mail.teenlifting.com.hr\/es\/teenlifting-en-el-platisma\/"]}]},{"@type":"BreadcrumbList","@id":"https:\/\/mail.teenlifting.com.hr\/es\/teenlifting-en-el-platisma\/#breadcrumb","itemListElement":[{"@type":"ListItem","position":1,"name":"Po\u010detna stranica","item":"https:\/\/mail.teenlifting.com.hr\/es\/"},{"@type":"ListItem","position":2,"name":"Teenlifting en el platisma"}]},{"@type":"WebSite","@id":"https:\/\/mail.teenlifting.com.hr\/fr\/#website","url":"https:\/\/mail.teenlifting.com.hr\/fr\/","name":"Teenlifting","description":"Aktiviraj, ne plastificiraj!","potentialAction":[{"@type":"SearchAction","target":{"@type":"EntryPoint","urlTemplate":"https:\/\/mail.teenlifting.com.hr\/fr\/?s={search_term_string}"},"query-input":{"@type":"PropertyValueSpecification","valueRequired":true,"valueName":"search_term_string"}}],"inLanguage":"es-ES"}]}},"_links":{"self":[{"href":"https:\/\/mail.teenlifting.com.hr\/es\/wp-json\/wp\/v2\/pages\/2741","targetHints":{"allow":["GET"]}}],"collection":[{"href":"https:\/\/mail.teenlifting.com.hr\/es\/wp-json\/wp\/v2\/pages"}],"about":[{"href":"https:\/\/mail.teenlifting.com.hr\/es\/wp-json\/wp\/v2\/types\/page"}],"author":[{"embeddable":true,"href":"https:\/\/mail.teenlifting.com.hr\/es\/wp-json\/wp\/v2\/users\/3"}],"replies":[{"embeddable":true,"href":"https:\/\/mail.teenlifting.com.hr\/es\/wp-json\/wp\/v2\/comments?post=2741"}],"version-history":[{"count":9,"href":"https:\/\/mail.teenlifting.com.hr\/es\/wp-json\/wp\/v2\/pages\/2741\/revisions"}],"predecessor-version":[{"id":2979,"href":"https:\/\/mail.teenlifting.com.hr\/es\/wp-json\/wp\/v2\/pages\/2741\/revisions\/2979"}],"wp:attachment":[{"href":"https:\/\/mail.teenlifting.com.hr\/es\/wp-json\/wp\/v2\/media?parent=2741"}],"curies":[{"name":"wp","href":"https:\/\/api.w.org\/{rel}","templated":true}]}}